{"id":262,"date":"2025-03-13T20:03:36","date_gmt":"2025-03-13T20:03:36","guid":{"rendered":"https:\/\/www.gras.cz\/?page_id=262"},"modified":"2025-04-14T06:46:23","modified_gmt":"2025-04-14T06:46:23","slug":"udrzba-zelene","status":"publish","type":"page","link":"https:\/\/www.gras.cz\/?page_id=262","title":{"rendered":"\u00daDR\u017dBA ZELEN\u011a"},"content":{"rendered":"\n<div class=\"wp-block-cover\"><span aria-hidden=\"true\" class=\"wp-block-cover__background has-background-dim\"><\/span><img loading=\"lazy\" decoding=\"async\" width=\"1024\" height=\"768\" class=\"wp-block-cover__image-background wp-image-263\" alt=\"\" src=\"https:\/\/www.gras.cz\/wp-content\/uploads\/2025\/03\/1000038404-1024x768.jpg\" data-object-fit=\"cover\" srcset=\"https:\/\/www.gras.cz\/wp-content\/uploads\/2025\/03\/1000038404-1024x768.jpg 1024w, https:\/\/www.gras.cz\/wp-content\/uploads\/2025\/03\/1000038404-300x225.jpg 300w, https:\/\/www.gras.cz\/wp-content\/uploads\/2025\/03\/1000038404-768x576.jpg 768w, https:\/\/www.gras.cz\/wp-content\/uploads\/2025\/03\/1000038404-1536x1152.jpg 1536w, https:\/\/www.gras.cz\/wp-content\/uploads\/2025\/03\/1000038404-2048x1536.jpg 2048w, https:\/\/www.gras.cz\/wp-content\/uploads\/2025\/03\/1000038404-1140x855.jpg 1140w\" sizes=\"auto, (max-width: 1024px) 100vw, 1024px\" \/><div class=\"wp-block-cover__inner-container is-layout-flow wp-block-cover-is-layout-flow\">\n<p class=\"has-text-align-center has-large-font-size\">\u00daDR\u017dBA ZELEN\u011a<\/p>\n<\/div><\/div>\n\n\n\n<p>Nab\u00edz\u00edme KOMPLETN\u00cd P\u00c9\u010cI O ZAHRADU <\/p>\n\n\n\n<ul class=\"wp-block-list\">\n<li>sek\u00e1n\u00ed tr\u00e1vn\u00edku \u010di vysok\u00e9ho porostu<\/li>\n\n\n\n<li> pr\u016fklesty ke\u0159\u016f, odborn\u00fd \u0159ez ovocn\u00fdch a okrasn\u00fdch d\u0159evin<\/li>\n\n\n\n<li> plet\u00ed, hrab\u00e1n\u00ed list\u00ed aspol.<\/li>\n\n\n\n<li>chemick\u00e1 a biochemick\u00e1 aplikace prost\u0159edk\u016f na regulaci plevele \u010di proti chorob\u00e1m a \u0161k\u016fdc\u016fm<\/li>\n<\/ul>\n\n\n\n<div class=\"wp-block-columns is-layout-flex wp-container-core-columns-is-layout-9d6595d7 wp-block-columns-is-layout-flex\">\n<div class=\"wp-block-column is-layout-flow wp-block-column-is-layout-flow\" style=\"flex-basis:100%\">\n<figure class=\"wp-block-gallery has-nested-images columns-default is-cropped wp-block-gallery-1 is-layout-flex wp-block-gallery-is-layout-flex\">\n<figure class=\"wp-block-image size-large\"><a href=\"https:\/\/www.gras.cz\/wp-content\/uploads\/2025\/03\/20241022_085132-scaled.jpg\" target=\"_blank\"><img loading=\"lazy\" decoding=\"async\" width=\"768\" height=\"1024\" data-id=\"266\" src=\"https:\/\/www.gras.cz\/wp-content\/uploads\/2025\/03\/20241022_085132-768x1024.jpg\" alt=\"\" class=\"wp-image-266\" srcset=\"https:\/\/www.gras.cz\/wp-content\/uploads\/2025\/03\/20241022_085132-768x1024.jpg 768w, https:\/\/www.gras.cz\/wp-content\/uploads\/2025\/03\/20241022_085132-225x300.jpg 225w, https:\/\/www.gras.cz\/wp-content\/uploads\/2025\/03\/20241022_085132-1152x1536.jpg 1152w, https:\/\/www.gras.cz\/wp-content\/uploads\/2025\/03\/20241022_085132-1536x2048.jpg 1536w, https:\/\/www.gras.cz\/wp-content\/uploads\/2025\/03\/20241022_085132-641x855.jpg 641w, https:\/\/www.gras.cz\/wp-content\/uploads\/2025\/03\/20241022_085132-scaled.jpg 1920w\" sizes=\"auto, (max-width: 768px) 100vw, 768px\" \/><\/a><\/figure>\n\n\n\n<figure class=\"wp-block-image size-large\"><a href=\"https:\/\/www.gras.cz\/wp-content\/uploads\/2025\/03\/1000034936-1-1-scaled.jpg\" target=\"_blank\"><img loading=\"lazy\" decoding=\"async\" width=\"768\" height=\"1024\" data-id=\"267\" src=\"https:\/\/www.gras.cz\/wp-content\/uploads\/2025\/03\/1000034936-1-1-768x1024.jpg\" alt=\"\" class=\"wp-image-267\" srcset=\"https:\/\/www.gras.cz\/wp-content\/uploads\/2025\/03\/1000034936-1-1-768x1024.jpg 768w, https:\/\/www.gras.cz\/wp-content\/uploads\/2025\/03\/1000034936-1-1-225x300.jpg 225w, https:\/\/www.gras.cz\/wp-content\/uploads\/2025\/03\/1000034936-1-1-1152x1536.jpg 1152w, https:\/\/www.gras.cz\/wp-content\/uploads\/2025\/03\/1000034936-1-1-1536x2048.jpg 1536w, https:\/\/www.gras.cz\/wp-content\/uploads\/2025\/03\/1000034936-1-1-641x855.jpg 641w, https:\/\/www.gras.cz\/wp-content\/uploads\/2025\/03\/1000034936-1-1-scaled.jpg 1920w\" sizes=\"auto, (max-width: 768px) 100vw, 768px\" \/><\/a><\/figure>\n\n\n\n<figure class=\"wp-block-image size-large\"><a href=\"https:\/\/www.gras.cz\/wp-content\/uploads\/2025\/03\/1000038404-1-scaled.jpg\" target=\"_blank\"><img loading=\"lazy\" decoding=\"async\" width=\"1024\" height=\"768\" data-id=\"270\" src=\"https:\/\/www.gras.cz\/wp-content\/uploads\/2025\/03\/1000038404-1-1024x768.jpg\" alt=\"\" class=\"wp-image-270\" srcset=\"https:\/\/www.gras.cz\/wp-content\/uploads\/2025\/03\/1000038404-1-1024x768.jpg 1024w, https:\/\/www.gras.cz\/wp-content\/uploads\/2025\/03\/1000038404-1-300x225.jpg 300w, https:\/\/www.gras.cz\/wp-content\/uploads\/2025\/03\/1000038404-1-768x576.jpg 768w, https:\/\/www.gras.cz\/wp-content\/uploads\/2025\/03\/1000038404-1-1536x1152.jpg 1536w, https:\/\/www.gras.cz\/wp-content\/uploads\/2025\/03\/1000038404-1-2048x1536.jpg 2048w, https:\/\/www.gras.cz\/wp-content\/uploads\/2025\/03\/1000038404-1-1140x855.jpg 1140w\" sizes=\"auto, (max-width: 1024px) 100vw, 1024px\" \/><\/a><\/figure>\n<\/figure>\n<\/div>\n<\/div>\n\n\n\n<figure class=\"wp-block-gallery has-nested-images columns-default is-cropped wp-block-gallery-2 is-layout-flex wp-block-gallery-is-layout-flex\">\n<figure class=\"wp-block-image size-large\"><a href=\"https:\/\/www.gras.cz\/wp-content\/uploads\/2025\/03\/20241010_143718-scaled.jpg\" target=\"_blank\"><img loading=\"lazy\" decoding=\"async\" width=\"768\" height=\"1024\" data-id=\"274\" src=\"https:\/\/www.gras.cz\/wp-content\/uploads\/2025\/03\/20241010_143718-768x1024.jpg\" alt=\"\" class=\"wp-image-274\" srcset=\"https:\/\/www.gras.cz\/wp-content\/uploads\/2025\/03\/20241010_143718-768x1024.jpg 768w, https:\/\/www.gras.cz\/wp-content\/uploads\/2025\/03\/20241010_143718-225x300.jpg 225w, https:\/\/www.gras.cz\/wp-content\/uploads\/2025\/03\/20241010_143718-1152x1536.jpg 1152w, https:\/\/www.gras.cz\/wp-content\/uploads\/2025\/03\/20241010_143718-1536x2048.jpg 1536w, https:\/\/www.gras.cz\/wp-content\/uploads\/2025\/03\/20241010_143718-641x855.jpg 641w, https:\/\/www.gras.cz\/wp-content\/uploads\/2025\/03\/20241010_143718-scaled.jpg 1920w\" sizes=\"auto, (max-width: 768px) 100vw, 768px\" \/><\/a><\/figure>\n\n\n\n<figure class=\"wp-block-image size-large\"><a href=\"https:\/\/www.gras.cz\/wp-content\/uploads\/2025\/03\/20241010_120211-scaled.jpg\" target=\"_blank\"><img loading=\"lazy\" decoding=\"async\" width=\"689\" height=\"1024\" data-id=\"275\" src=\"https:\/\/www.gras.cz\/wp-content\/uploads\/2025\/03\/20241010_120211-689x1024.jpg\" alt=\"\" class=\"wp-image-275\" srcset=\"https:\/\/www.gras.cz\/wp-content\/uploads\/2025\/03\/20241010_120211-689x1024.jpg 689w, https:\/\/www.gras.cz\/wp-content\/uploads\/2025\/03\/20241010_120211-202x300.jpg 202w, https:\/\/www.gras.cz\/wp-content\/uploads\/2025\/03\/20241010_120211-768x1142.jpg 768w, https:\/\/www.gras.cz\/wp-content\/uploads\/2025\/03\/20241010_120211-1033x1536.jpg 1033w, https:\/\/www.gras.cz\/wp-content\/uploads\/2025\/03\/20241010_120211-1378x2048.jpg 1378w, https:\/\/www.gras.cz\/wp-content\/uploads\/2025\/03\/20241010_120211-575x855.jpg 575w, https:\/\/www.gras.cz\/wp-content\/uploads\/2025\/03\/20241010_120211-scaled.jpg 1722w\" sizes=\"auto, (max-width: 689px) 100vw, 689px\" \/><\/a><\/figure>\n\n\n\n<figure class=\"wp-block-image size-large\"><a href=\"https:\/\/www.gras.cz\/wp-content\/uploads\/2025\/03\/20231017_105915-scaled.jpg\" target=\"_blank\"><img loading=\"lazy\" decoding=\"async\" width=\"1024\" height=\"768\" data-id=\"277\" src=\"https:\/\/www.gras.cz\/wp-content\/uploads\/2025\/03\/20231017_105915-1024x768.jpg\" alt=\"\" class=\"wp-image-277\" srcset=\"https:\/\/www.gras.cz\/wp-content\/uploads\/2025\/03\/20231017_105915-1024x768.jpg 1024w, https:\/\/www.gras.cz\/wp-content\/uploads\/2025\/03\/20231017_105915-300x225.jpg 300w, https:\/\/www.gras.cz\/wp-content\/uploads\/2025\/03\/20231017_105915-768x576.jpg 768w, https:\/\/www.gras.cz\/wp-content\/uploads\/2025\/03\/20231017_105915-1536x1152.jpg 1536w, https:\/\/www.gras.cz\/wp-content\/uploads\/2025\/03\/20231017_105915-2048x1536.jpg 2048w, https:\/\/www.gras.cz\/wp-content\/uploads\/2025\/03\/20231017_105915-1140x855.jpg 1140w\" sizes=\"auto, (max-width: 1024px) 100vw, 1024px\" \/><\/a><\/figure>\n\n\n\n<figure class=\"wp-block-image size-large\"><a href=\"https:\/\/www.gras.cz\/wp-content\/uploads\/2025\/03\/20231019_165430-scaled.jpg\" target=\"_blank\"><img loading=\"lazy\" decoding=\"async\" width=\"1024\" height=\"768\" data-id=\"279\" src=\"https:\/\/www.gras.cz\/wp-content\/uploads\/2025\/03\/20231019_165430-1024x768.jpg\" alt=\"\" class=\"wp-image-279\" srcset=\"https:\/\/www.gras.cz\/wp-content\/uploads\/2025\/03\/20231019_165430-1024x768.jpg 1024w, https:\/\/www.gras.cz\/wp-content\/uploads\/2025\/03\/20231019_165430-300x225.jpg 300w, https:\/\/www.gras.cz\/wp-content\/uploads\/2025\/03\/20231019_165430-768x576.jpg 768w, https:\/\/www.gras.cz\/wp-content\/uploads\/2025\/03\/20231019_165430-1536x1152.jpg 1536w, https:\/\/www.gras.cz\/wp-content\/uploads\/2025\/03\/20231019_165430-2048x1536.jpg 2048w, https:\/\/www.gras.cz\/wp-content\/uploads\/2025\/03\/20231019_165430-1140x855.jpg 1140w\" sizes=\"auto, (max-width: 1024px) 100vw, 1024px\" \/><\/a><\/figure>\n\n\n\n<figure class=\"wp-block-image size-large\"><a href=\"https:\/\/www.gras.cz\/wp-content\/uploads\/2025\/03\/20240416_142458-scaled.jpg\" target=\"_blank\"><img loading=\"lazy\" decoding=\"async\" width=\"1024\" height=\"768\" data-id=\"280\" src=\"https:\/\/www.gras.cz\/wp-content\/uploads\/2025\/03\/20240416_142458-1024x768.jpg\" alt=\"\" class=\"wp-image-280\" srcset=\"https:\/\/www.gras.cz\/wp-content\/uploads\/2025\/03\/20240416_142458-1024x768.jpg 1024w, https:\/\/www.gras.cz\/wp-content\/uploads\/2025\/03\/20240416_142458-300x225.jpg 300w, https:\/\/www.gras.cz\/wp-content\/uploads\/2025\/03\/20240416_142458-768x576.jpg 768w, https:\/\/www.gras.cz\/wp-content\/uploads\/2025\/03\/20240416_142458-1536x1152.jpg 1536w, https:\/\/www.gras.cz\/wp-content\/uploads\/2025\/03\/20240416_142458-2048x1536.jpg 2048w, https:\/\/www.gras.cz\/wp-content\/uploads\/2025\/03\/20240416_142458-1140x855.jpg 1140w\" sizes=\"auto, (max-width: 1024px) 100vw, 1024px\" \/><\/a><\/figure>\n\n\n\n<figure class=\"wp-block-image size-large\"><a href=\"https:\/\/www.gras.cz\/wp-content\/uploads\/2025\/03\/20240423_103528-scaled.jpg\" target=\"_blank\"><img loading=\"lazy\" decoding=\"async\" width=\"1024\" height=\"768\" data-id=\"281\" src=\"https:\/\/www.gras.cz\/wp-content\/uploads\/2025\/03\/20240423_103528-1024x768.jpg\" alt=\"\" class=\"wp-image-281\" srcset=\"https:\/\/www.gras.cz\/wp-content\/uploads\/2025\/03\/20240423_103528-1024x768.jpg 1024w, https:\/\/www.gras.cz\/wp-content\/uploads\/2025\/03\/20240423_103528-300x225.jpg 300w, https:\/\/www.gras.cz\/wp-content\/uploads\/2025\/03\/20240423_103528-768x576.jpg 768w, https:\/\/www.gras.cz\/wp-content\/uploads\/2025\/03\/20240423_103528-1536x1152.jpg 1536w, https:\/\/www.gras.cz\/wp-content\/uploads\/2025\/03\/20240423_103528-2048x1536.jpg 2048w, https:\/\/www.gras.cz\/wp-content\/uploads\/2025\/03\/20240423_103528-1140x855.jpg 1140w\" sizes=\"auto, (max-width: 1024px) 100vw, 1024px\" \/><\/a><\/figure>\n<\/figure>\n","protected":false},"excerpt":{"rendered":"<p>Nab\u00edz\u00edme KOMPLETN\u00cd P\u00c9\u010cI O ZAHRADU<\/p>\n","protected":false},"author":1,"featured_media":0,"parent":0,"menu_order":0,"comment_status":"closed","ping_status":"closed","template":"","meta":{"footnotes":""},"class_list":["post-262","page","type-page","status-publish","hentry","no-post-thumbnail"],"aioseo_notices":[],"_links":{"self":[{"href":"https:\/\/www.gras.cz\/index.php?rest_route=\/wp\/v2\/pages\/262","targetHints":{"allow":["GET"]}}],"collection":[{"href":"https:\/\/www.gras.cz\/index.php?rest_route=\/wp\/v2\/pages"}],"about":[{"href":"https:\/\/www.gras.cz\/index.php?rest_route=\/wp\/v2\/types\/page"}],"author":[{"embeddable":true,"href":"https:\/\/www.gras.cz\/index.php?rest_route=\/wp\/v2\/users\/1"}],"replies":[{"embeddable":true,"href":"https:\/\/www.gras.cz\/index.php?rest_route=%2Fwp%2Fv2%2Fcomments&post=262"}],"version-history":[{"count":10,"href":"https:\/\/www.gras.cz\/index.php?rest_route=\/wp\/v2\/pages\/262\/revisions"}],"predecessor-version":[{"id":294,"href":"https:\/\/www.gras.cz\/index.php?rest_route=\/wp\/v2\/pages\/262\/revisions\/294"}],"wp:attachment":[{"href":"https:\/\/www.gras.cz\/index.php?rest_route=%2Fwp%2Fv2%2Fmedia&parent=262"}],"curies":[{"name":"wp","href":"https:\/\/api.w.org\/{rel}","templated":true}]}}