{"id":26,"date":"2023-02-10T09:22:36","date_gmt":"2023-02-10T09:22:36","guid":{"rendered":"https:\/\/www.gras.cz\/?page_id=26"},"modified":"2025-05-05T07:24:00","modified_gmt":"2025-05-05T07:24:00","slug":"kontakt","status":"publish","type":"page","link":"https:\/\/www.gras.cz\/","title":{"rendered":"Kontakt"},"content":{"rendered":"\n<div class=\"wp-block-group is-layout-constrained wp-block-group-is-layout-constrained\"><\/div>\n\n\n\n<div class=\"wp-block-columns is-layout-flex wp-container-core-columns-is-layout-9d6595d7 wp-block-columns-is-layout-flex\">\n<div class=\"wp-block-column is-layout-flow wp-block-column-is-layout-flow\" style=\"flex-basis:33.33%\">\n<div class=\"wp-block-group is-layout-constrained wp-block-group-is-layout-constrained\">\n<p class=\"has-medium-font-size\"><strong>GRAS PARTNER s.r.o.<\/strong><\/p>\n\n\n\n<p><strong>Projekce, realizace a \u00fadr\u017eba zahrad, <\/strong><br><strong>park\u016f a d\u011btsk\u00fdch h\u0159i\u0161\u0165<\/strong><\/p>\n\n\n\n<p>\u00dapsk\u00e1 340<br>542 24 Svoboda nad \u00dapou<br>\u010cesk\u00e1 republika<\/p>\n\n\n\n<p>I\u010c: 23063033<br>DI\u010c: CZ 23063033<\/p>\n\n\n\n<p>E-mail: partner@gras.cz<br><\/p>\n\n\n\n<p><strong>Ond\u0159ej Kob\u00edk<\/strong><br>Realizace a \u00fadr\u017eba zahrad<br>Tel: +420 736 711 127<\/p>\n\n\n\n<p><\/p>\n<\/div>\n<\/div>\n\n\n\n<div class=\"wp-block-column is-layout-flow wp-block-column-is-layout-flow\" style=\"flex-basis:66.66%\">\n<iframe loading=\"lazy\" style=\"border:none\" src=\"https:\/\/frame.mapy.cz\/s\/pocuducebu\" width=\"100%\" height=\"466\" frameborder=\"0\"><\/iframe>\n<\/div>\n<\/div>\n\n\n\n<p class=\"has-text-align-left\"><strong><em>Webov\u00e9 str\u00e1nky jsou do\u010dasn\u011b mimo provoz<\/em>.<\/strong><\/p>\n","protected":false},"excerpt":{"rendered":"<p>GRAS PARTNER s.r.o. Projekce, realizace a \u00fadr\u017eba zahrad, park\u016f a d\u011btsk\u00fdch h\u0159i\u0161\u0165 \u00dapsk\u00e1 340542 24 Svoboda nad \u00dapou\u010cesk\u00e1 republika I\u010c:<span class=\"more-dots\">&#8230;<\/span><\/p>\n","protected":false},"author":1,"featured_media":0,"parent":0,"menu_order":0,"comment_status":"closed","ping_status":"closed","template":"","meta":{"footnotes":""},"class_list":["post-26","page","type-page","status-publish","hentry","no-post-thumbnail"],"aioseo_notices":[],"_links":{"self":[{"href":"https:\/\/www.gras.cz\/index.php?rest_route=\/wp\/v2\/pages\/26","targetHints":{"allow":["GET"]}}],"collection":[{"href":"https:\/\/www.gras.cz\/index.php?rest_route=\/wp\/v2\/pages"}],"about":[{"href":"https:\/\/www.gras.cz\/index.php?rest_route=\/wp\/v2\/types\/page"}],"author":[{"embeddable":true,"href":"https:\/\/www.gras.cz\/index.php?rest_route=\/wp\/v2\/users\/1"}],"replies":[{"embeddable":true,"href":"https:\/\/www.gras.cz\/index.php?rest_route=%2Fwp%2Fv2%2Fcomments&post=26"}],"version-history":[{"count":15,"href":"https:\/\/www.gras.cz\/index.php?rest_route=\/wp\/v2\/pages\/26\/revisions"}],"predecessor-version":[{"id":299,"href":"https:\/\/www.gras.cz\/index.php?rest_route=\/wp\/v2\/pages\/26\/revisions\/299"}],"wp:attachment":[{"href":"https:\/\/www.gras.cz\/index.php?rest_route=%2Fwp%2Fv2%2Fmedia&parent=26"}],"curies":[{"name":"wp","href":"https:\/\/api.w.org\/{rel}","templated":true}]}}