{"id":24,"date":"2023-02-10T09:18:10","date_gmt":"2023-02-10T09:18:10","guid":{"rendered":"https:\/\/www.gras.cz\/?page_id=24"},"modified":"2025-03-13T14:45:38","modified_gmt":"2025-03-13T14:45:38","slug":"o-nas","status":"publish","type":"page","link":"https:\/\/www.gras.cz\/?page_id=24","title":{"rendered":"O n\u00e1s"},"content":{"rendered":"\n<p><strong><em>Webov\u00e9 str\u00e1nky jsou do\u010dasn\u011b mimo provoz<\/em>.<\/strong><\/p>\n\n\n\n<p><\/p>\n\n\n\n<div class=\"wp-block-buttons is-layout-flex wp-block-buttons-is-layout-flex\"><\/div>\n\n\n\n<div class=\"wp-block-media-text is-stacked-on-mobile is-vertically-aligned-bottom\" style=\"grid-template-columns:29% auto\"><figure class=\"wp-block-media-text__media\"><img loading=\"lazy\" decoding=\"async\" width=\"1024\" height=\"768\" src=\"http:\/\/www.gras.cz\/wp-content\/uploads\/2023\/02\/01-alpinia-1024x768.jpg\" alt=\"\" class=\"wp-image-211 size-full\" srcset=\"https:\/\/www.gras.cz\/wp-content\/uploads\/2023\/02\/01-alpinia-1024x768.jpg 1024w, https:\/\/www.gras.cz\/wp-content\/uploads\/2023\/02\/01-alpinia-300x225.jpg 300w, https:\/\/www.gras.cz\/wp-content\/uploads\/2023\/02\/01-alpinia-768x576.jpg 768w, https:\/\/www.gras.cz\/wp-content\/uploads\/2023\/02\/01-alpinia-1536x1152.jpg 1536w, https:\/\/www.gras.cz\/wp-content\/uploads\/2023\/02\/01-alpinia-2048x1536.jpg 2048w, https:\/\/www.gras.cz\/wp-content\/uploads\/2023\/02\/01-alpinia-1140x855.jpg 1140w\" sizes=\"auto, (max-width: 1024px) 100vw, 1024px\" \/><\/figure><div class=\"wp-block-media-text__content\">\n<p class=\"has-main-color has-text-color\"><strong>Jsme spole\u010dnost s bohatou zahradnickou a krajin\u00e1\u0159skou zku\u0161enost\u00ed<\/strong><\/p>\n\n\n\n<p><strong>Zahrada<\/strong>&nbsp;je lidmi upraven\u00fd pozemek s um\u011ble vys\u00e1zenou vegetac\u00ed, prostor, kde jsou obvykle p\u011bstov\u00e1ny nebo um\u00edst\u011bny&nbsp;<a href=\"https:\/\/cs.wikipedia.org\/wiki\/Rostliny\">rostliny<\/a>. M\u016f\u017ee slou\u017eit k odpo\u010dinku, volno\u010dasov\u00fdm aktivit\u00e1m a reprezentaci, pro p\u011bstov\u00e1n\u00ed rostlin ur\u010den\u00fdch ke konzumaci nebo i k&nbsp;jin\u00e9mu \u00fa\u010delu. V\u011bdeck\u00fdm, v\u00fdzkumn\u00fdm a pedagogick\u00fdm \u00fa\u010del\u016fm pak slou\u017e\u00ed specializovan\u00e9&nbsp;<a href=\"https:\/\/cs.wikipedia.org\/wiki\/Botanick%C3%A1_zahrada\">botanick\u00e9 zahrady<\/a>&nbsp;a&nbsp;<a href=\"https:\/\/cs.wikipedia.org\/wiki\/Arboretum\">arboreta<\/a>, kde jsou sb\u00edrky \u010dasto tak\u00e9 n\u011bjak architektonicky upraveny. Zem\u011bd\u011blsk\u00fd slovn\u00edk vymezuje zahradu jako prostor s \u00fapln\u00fdm nebo \u010d\u00e1ste\u010dn\u011b omezen\u00fdm p\u0159\u00edstupem ve\u0159ejnosti.<sup><a href=\"https:\/\/cs.wikipedia.org\/wiki\/Zahrada#cite_note-szn-1\">[1]<\/a><\/sup><\/p>\n<\/div><\/div>\n","protected":false},"excerpt":{"rendered":"<p>Webov\u00e9 str\u00e1nky jsou do\u010dasn\u011b mimo provoz. Jsme spole\u010dnost s bohatou zahradnickou a krajin\u00e1\u0159skou zku\u0161enost\u00ed Zahrada&nbsp;je lidmi upraven\u00fd pozemek s um\u011ble<span class=\"more-dots\">&#8230;<\/span><\/p>\n","protected":false},"author":1,"featured_media":0,"parent":0,"menu_order":0,"comment_status":"closed","ping_status":"closed","template":"","meta":{"footnotes":""},"class_list":["post-24","page","type-page","status-publish","hentry","no-post-thumbnail"],"aioseo_notices":[],"_links":{"self":[{"href":"https:\/\/www.gras.cz\/index.php?rest_route=\/wp\/v2\/pages\/24","targetHints":{"allow":["GET"]}}],"collection":[{"href":"https:\/\/www.gras.cz\/index.php?rest_route=\/wp\/v2\/pages"}],"about":[{"href":"https:\/\/www.gras.cz\/index.php?rest_route=\/wp\/v2\/types\/page"}],"author":[{"embeddable":true,"href":"https:\/\/www.gras.cz\/index.php?rest_route=\/wp\/v2\/users\/1"}],"replies":[{"embeddable":true,"href":"https:\/\/www.gras.cz\/index.php?rest_route=%2Fwp%2Fv2%2Fcomments&post=24"}],"version-history":[{"count":4,"href":"https:\/\/www.gras.cz\/index.php?rest_route=\/wp\/v2\/pages\/24\/revisions"}],"predecessor-version":[{"id":255,"href":"https:\/\/www.gras.cz\/index.php?rest_route=\/wp\/v2\/pages\/24\/revisions\/255"}],"wp:attachment":[{"href":"https:\/\/www.gras.cz\/index.php?rest_route=%2Fwp%2Fv2%2Fmedia&parent=24"}],"curies":[{"name":"wp","href":"https:\/\/api.w.org\/{rel}","templated":true}]}}